{"id":32,"date":"2019-02-14T08:41:58","date_gmt":"2019-02-14T08:41:58","guid":{"rendered":"http:\/\/golda.ro\/?page_id=32"},"modified":"2021-11-07T15:19:33","modified_gmt":"2021-11-07T15:19:33","slug":"pagina-principala","status":"publish","type":"page","link":"https:\/\/golda.net\/golda.net\/","title":{"rendered":"PAGIN\u0102 PRINCIPAL\u0102"},"content":{"rendered":"<p><img loading=\"lazy\" decoding=\"async\" class=\"size-medium wp-image-34 aligncenter\" src=\"http:\/\/golda.ro\/wp-content\/uploads\/2019\/02\/golda-celi.png\" alt=\"\" width=\"200\" height=\"218\" \/><\/p>\n<p>&nbsp;<\/p>\n<p><strong>GOLDA<\/strong> este distribuitor exclusiv al produselor Sherwin-Williams Italy S.r.l. &#8211; Sayerlack, Italia din anul 1992 \u00een mai multe \u0163\u0103ri europene \u015fi \u00een Rom\u00e2nia, prin SC <strong>GOLDA ROMANIA<\/strong> srl. Gama materialelor pentru tratarea suprafe\u0163elor lemnoase oferite cuprinde at\u00e2t produse pentru interior pe baz\u0103 de ap\u0103 sau solvent, c\u00e2t \u015fi produse pentru exterior exlusiv pe baz\u0103 de ap\u0103.<\/p>\n<p>&nbsp;<\/p>\n<p style=\"text-align: center;\"><img loading=\"lazy\" decoding=\"async\" class=\"alignnone size-medium wp-image-15\" src=\"http:\/\/golda.ro\/wp-content\/uploads\/2019\/02\/prvaci-sveta-300x221.jpg\" alt=\"\" width=\"300\" height=\"221\" srcset=\"https:\/\/golda.net\/golda.net\/wp-content\/uploads\/2019\/02\/prvaci-sveta-300x221.jpg 300w, https:\/\/golda.net\/golda.net\/wp-content\/uploads\/2019\/02\/prvaci-sveta-768x565.jpg 768w, https:\/\/golda.net\/golda.net\/wp-content\/uploads\/2019\/02\/prvaci-sveta-1024x753.jpg 1024w, https:\/\/golda.net\/golda.net\/wp-content\/uploads\/2019\/02\/prvaci-sveta.jpg 1119w\" sizes=\"(max-width: 300px) 100vw, 300px\" \/><\/p>\n<p>&nbsp;<\/p>\n<p>&nbsp;<\/p>\n<div style=\"text-align: center;\">Golda Romania srl<\/div>\n<div style=\"text-align: center;\">str. Vidului 13, sat Floresti, Cluj<\/div>\n<div style=\"text-align: center;\">\u00a0Cod Unic de \u00cenregistrare\u00a0 \u00a012844240<\/div>\n<div style=\"text-align: center;\">Nr. \u00cenmatriculare \u00a0 \u00a0J12\/347\/2000<\/div>\n<div style=\"text-align: center;\">Data \u00eenfiin\u0163\u0103rii \u00a0 2000<\/div>\n<p>&nbsp;<\/p>\n","protected":false},"excerpt":{"rendered":"<p>&nbsp; GOLDA este distribuitor exclusiv al produselor Sherwin-Williams Italy S.r.l. &#8211; Sayerlack, Italia din anul 1992 \u00een mai multe \u0163\u0103ri europene \u015fi \u00een Rom\u00e2nia, prin SC GOLDA ROMANIA srl. Gama materialelor pentru tratarea suprafe\u0163elor lemnoase oferite cuprinde at\u00e2t produse pentru interior pe baz\u0103 de ap\u0103 sau solvent, c\u00e2t \u015fi produse pentru exterior exlusiv pe baz\u0103 de ap\u0103. &nbsp; &nbsp; &nbsp; Golda Romania srl str. Vidului [&hellip;]<\/p>\n","protected":false},"author":1,"featured_media":0,"parent":0,"menu_order":0,"comment_status":"closed","ping_status":"closed","template":"","meta":{"footnotes":""},"_links":{"self":[{"href":"https:\/\/golda.net\/golda.net\/index.php\/wp-json\/wp\/v2\/pages\/32"}],"collection":[{"href":"https:\/\/golda.net\/golda.net\/index.php\/wp-json\/wp\/v2\/pages"}],"about":[{"href":"https:\/\/golda.net\/golda.net\/index.php\/wp-json\/wp\/v2\/types\/page"}],"author":[{"embeddable":true,"href":"https:\/\/golda.net\/golda.net\/index.php\/wp-json\/wp\/v2\/users\/1"}],"replies":[{"embeddable":true,"href":"https:\/\/golda.net\/golda.net\/index.php\/wp-json\/wp\/v2\/comments?post=32"}],"version-history":[{"count":6,"href":"https:\/\/golda.net\/golda.net\/index.php\/wp-json\/wp\/v2\/pages\/32\/revisions"}],"predecessor-version":[{"id":139,"href":"https:\/\/golda.net\/golda.net\/index.php\/wp-json\/wp\/v2\/pages\/32\/revisions\/139"}],"wp:attachment":[{"href":"https:\/\/golda.net\/golda.net\/index.php\/wp-json\/wp\/v2\/media?parent=32"}],"curies":[{"name":"wp","href":"https:\/\/api.w.org\/{rel}","templated":true}]}}