{"id":42,"date":"2019-02-14T08:48:04","date_gmt":"2019-02-14T08:48:04","guid":{"rendered":"http:\/\/golda.ro\/?page_id=42"},"modified":"2019-02-14T08:48:36","modified_gmt":"2019-02-14T08:48:36","slug":"despre-noi","status":"publish","type":"page","link":"https:\/\/golda.net\/golda.net\/index.php\/despre-noi\/","title":{"rendered":"DESPRE NOI"},"content":{"rendered":"<p><img loading=\"lazy\" decoding=\"async\" class=\"wp-image-200 alignleft\" src=\"http:\/\/www.golda.net\/wordpress_colora\/wp-content\/uploads\/2018\/11\/Sayer-logo-i-moto.jpg\" alt=\"\" width=\"422\" height=\"212\" \/>\u00cen func\u0163ie de solicit\u0103rile \u015fi nevoile clien\u0163ilor no\u015ftrii, putem recomanda produse pe baz\u0103 de ap\u0103 , poliuretanice, acrilice, poliesterice, dar \u015fi produse economice nitrocelulozice. Oferta de produse este complet\u0103 \u015fi poate acoperi orice suprafa\u0163\u0103 lemnoas\u0103, de la cicluri transparente \u015fi opace, p\u00e2n\u0103 la efecte speciale, c\u00e2t \u015fi produse special adaptate pentru vopsirea sticlei pe baz\u0103 de ap\u0103 sau solvent. Din dorin\u0163a de a oferi clien\u0163ilor no\u015ftri o gam\u0103 variat\u0103 de materiale folosite \u00een procesul de vopsire <strong>SC GOLDA ROMANIA<\/strong> srl distribuie \u015fi pistoale de vopsit DeVillbiss, h\u00e2rtie de \u015flefuit marca IMPERIAL \u015fi chituri IMPA at\u00e2t pe baz\u0103 de ap\u0103 c\u00e2t \u015fi poliesterice.<\/p>\n<p>&nbsp;<\/p>\n<p>Paleta de culori cuprinde nuan\u0163e standard preparate dup\u0103 cataloagele RAL, NCS &#8211; Natural Color System, Sayerlack &#8211; WOOD COLOR, dar \u015fi culori personalizate \u00een func\u0163ie de solicit\u0103rile clien\u0163ilor. Astfel Sayerlack a dezvoltat un program care poate reproduce cu mare precizie re\u0163eta oric\u0103rei culori de bai\u0163 sau vopsea cu ajutorul SPECTROFOTOMETRULUI, software disponibil \u015fi pentru clien\u0163ii no\u015ftri din Rom\u00e2nia.<\/p>\n<p>&nbsp;<\/p>\n<p><img loading=\"lazy\" decoding=\"async\" class=\"wp-image-202 alignright\" src=\"http:\/\/www.golda.net\/wordpress_colora\/wp-content\/uploads\/2018\/11\/logo-u-oku.jpg\" alt=\"\" width=\"419\" height=\"291\" \/><\/p>\n<p>&nbsp;<\/p>\n<p>Fondat\u0103 \u00een anul 1954, Sayerlack a avut ca scop producerea celor mai bune materiale pentru tratarea suprafe\u0163elor lemnoase, folosind cele mai avansate tehnologii. De-a lungul timpului Sayerlack a devenit unul dintre liderii produc\u0103torilor de vopsele pentru lemn din lume marindu-\u015fi volumul produc\u0163iei industriale de la 50 de tone \u00een 1954 la 44517 de tone \u00een 2001.<\/p>\n<p>&nbsp;<\/p>\n<p>\u00cen 1987, Sayerlack s-a al\u0103turat grupului Hickson International, adopt\u00e2nd denumirea de Hickson Coatings \u00een 1993, iar \u00een iulie 2000 grupul Hickson a fost achizi\u0163ionat de compania American Arch Chemicals, devenind Arch Sayerlack Coatings Italia, \u00een 2010 grupul Arch Sayerlack Coatings Italia a fost achizi\u0163ionat de compania American\u0103 Sherwin-Williams devenind p\u00e2n\u0103 ast\u0103zi Sherwin-Williams Italy srl<\/p>\n<p>&nbsp;<\/p>\n<p>&nbsp;<\/p>\n","protected":false},"excerpt":{"rendered":"<p>\u00cen func\u0163ie de solicit\u0103rile \u015fi nevoile clien\u0163ilor no\u015ftrii, putem recomanda produse pe baz\u0103 de ap\u0103 , poliuretanice, acrilice, poliesterice, dar \u015fi produse economice nitrocelulozice. Oferta de produse este complet\u0103 \u015fi poate acoperi orice suprafa\u0163\u0103 lemnoas\u0103, de la cicluri transparente \u015fi opace, p\u00e2n\u0103 la efecte speciale, c\u00e2t \u015fi produse special adaptate pentru vopsirea sticlei pe baz\u0103 de ap\u0103 sau solvent. Din dorin\u0163a de a oferi clien\u0163ilor [&hellip;]<\/p>\n","protected":false},"author":1,"featured_media":0,"parent":0,"menu_order":0,"comment_status":"closed","ping_status":"closed","template":"","meta":{"footnotes":""},"_links":{"self":[{"href":"https:\/\/golda.net\/golda.net\/index.php\/wp-json\/wp\/v2\/pages\/42"}],"collection":[{"href":"https:\/\/golda.net\/golda.net\/index.php\/wp-json\/wp\/v2\/pages"}],"about":[{"href":"https:\/\/golda.net\/golda.net\/index.php\/wp-json\/wp\/v2\/types\/page"}],"author":[{"embeddable":true,"href":"https:\/\/golda.net\/golda.net\/index.php\/wp-json\/wp\/v2\/users\/1"}],"replies":[{"embeddable":true,"href":"https:\/\/golda.net\/golda.net\/index.php\/wp-json\/wp\/v2\/comments?post=42"}],"version-history":[{"count":2,"href":"https:\/\/golda.net\/golda.net\/index.php\/wp-json\/wp\/v2\/pages\/42\/revisions"}],"predecessor-version":[{"id":44,"href":"https:\/\/golda.net\/golda.net\/index.php\/wp-json\/wp\/v2\/pages\/42\/revisions\/44"}],"wp:attachment":[{"href":"https:\/\/golda.net\/golda.net\/index.php\/wp-json\/wp\/v2\/media?parent=42"}],"curies":[{"name":"wp","href":"https:\/\/api.w.org\/{rel}","templated":true}]}}