{"id":45,"date":"2019-02-14T08:49:19","date_gmt":"2019-02-14T08:49:19","guid":{"rendered":"http:\/\/golda.ro\/?page_id=45"},"modified":"2019-02-14T09:20:10","modified_gmt":"2019-02-14T09:20:10","slug":"produse","status":"publish","type":"page","link":"https:\/\/golda.net\/golda.net\/index.php\/produse\/","title":{"rendered":"PRODUSE"},"content":{"rendered":"<div class=\"proizvodi_container\">\n<div class=\"proizvodi\">\n<p><a href=\"http:\/\/golda.ro\/index.php\/produse-pe-baza-de-apa-pentru-exterior\/\"><img decoding=\"async\" class=\"proizvod_fotka\" src=\"http:\/\/www.golda.net\/wordpress_colora\/wp-content\/uploads\/2018\/11\/enterijer.jpg\" width=\"150px\" height=\"150px\" \/><\/a><\/p>\n<p class=\"proizvodi_naziv\">Produse pe baza de ap\u0103 pentru exterior<\/p>\n<\/div>\n<div class=\"proizvodi\">\n<p><a href=\"http:\/\/golda.ro\/index.php\/produse-pe-baza-de-apa-pentru-interior\/\"><img decoding=\"async\" class=\"proizvod_fotka\" src=\"http:\/\/www.golda.net\/wordpress_colora\/wp-content\/uploads\/2018\/11\/enterijer.jpg\" width=\"150px\" height=\"150px\" \/><\/a><\/p>\n<p class=\"proizvodi_naziv\">Produse pe baza de ap\u0103 pentru interior<\/p>\n<\/div>\n<div class=\"proizvodi\">\n<p><a href=\"http:\/\/golda.ro\/index.php\/produse-poliuretanice-si-acrilice\/\"><img decoding=\"async\" class=\"proizvod_fotka\" src=\"http:\/\/www.golda.net\/wordpress_colora\/wp-content\/uploads\/2018\/11\/poliuretan.jpg\" width=\"150px\" height=\"150px\" \/><\/a><\/p>\n<p class=\"proizvodi_naziv\">Produse poliuretanice \u015fi acrilice<\/p>\n<\/div>\n<div class=\"proizvodi\">\n<p><a href=\"http:\/\/golda.ro\/index.php\/baituri\/\"><img decoding=\"async\" class=\"proizvod_fotka\" src=\"http:\/\/www.golda.net\/wordpress_colora\/wp-content\/uploads\/2018\/11\/bajcevi.jpg\" width=\"150px\" height=\"150px\" \/><\/a><\/p>\n<p class=\"proizvodi_naziv\">Bai\u0163uri<\/p>\n<\/div>\n<div class=\"proizvodi\">\n<p><a href=\"http:\/\/golda.ro\/index.php\/produse-nitrocelulozice\/\"><img decoding=\"async\" class=\"proizvod_fotka\" src=\"http:\/\/www.golda.net\/wordpress_colora\/wp-content\/uploads\/2018\/11\/enterijer2.jpg\" width=\"150px\" height=\"150px\" \/><\/a><\/p>\n<p class=\"proizvodi_naziv\">Produse nitrocelulozice<\/p>\n<\/div>\n<div class=\"proizvodi\">\n<p><a href=\"http:\/\/golda.ro\/index.php\/produse-poliesterice\/\"><img decoding=\"async\" class=\"proizvod_fotka\" src=\"http:\/\/www.golda.net\/wordpress_colora\/wp-content\/uploads\/2018\/11\/20229862_1895642440701196_2423016050497552001_o.jpg\" width=\"150px\" height=\"150px\" \/><\/a><\/p>\n<p class=\"proizvodi_naziv\">Produse poliesterice<\/p>\n<\/div>\n<div class=\"proizvodi\">\n<p><a href=\"http:\/\/golda.ro\/index.php\/produse-auxiliare\/\"><img decoding=\"async\" class=\"proizvod_fotka\" src=\"http:\/\/www.golda.net\/wordpress_colora\/wp-content\/uploads\/2018\/11\/thumbnail-proizvodi.jpg\" width=\"150px\" height=\"150px\" \/><\/a><\/p>\n<p class=\"proizvodi_naziv\">Produse auxiliare<\/p>\n<\/div>\n<div class=\"proizvodi\">\n<p>&nbsp;<\/p>\n<p class=\"proizvodi_naziv\">\n<\/div>\n<\/div>\n","protected":false},"excerpt":{"rendered":"<p>Produse pe baza de ap\u0103 pentru exterior Produse pe baza de ap\u0103 pentru interior Produse poliuretanice \u015fi acrilice Bai\u0163uri Produse nitrocelulozice Produse poliesterice Produse auxiliare &nbsp;<\/p>\n","protected":false},"author":1,"featured_media":0,"parent":0,"menu_order":0,"comment_status":"closed","ping_status":"closed","template":"","meta":{"footnotes":""},"_links":{"self":[{"href":"https:\/\/golda.net\/golda.net\/index.php\/wp-json\/wp\/v2\/pages\/45"}],"collection":[{"href":"https:\/\/golda.net\/golda.net\/index.php\/wp-json\/wp\/v2\/pages"}],"about":[{"href":"https:\/\/golda.net\/golda.net\/index.php\/wp-json\/wp\/v2\/types\/page"}],"author":[{"embeddable":true,"href":"https:\/\/golda.net\/golda.net\/index.php\/wp-json\/wp\/v2\/users\/1"}],"replies":[{"embeddable":true,"href":"https:\/\/golda.net\/golda.net\/index.php\/wp-json\/wp\/v2\/comments?post=45"}],"version-history":[{"count":5,"href":"https:\/\/golda.net\/golda.net\/index.php\/wp-json\/wp\/v2\/pages\/45\/revisions"}],"predecessor-version":[{"id":95,"href":"https:\/\/golda.net\/golda.net\/index.php\/wp-json\/wp\/v2\/pages\/45\/revisions\/95"}],"wp:attachment":[{"href":"https:\/\/golda.net\/golda.net\/index.php\/wp-json\/wp\/v2\/media?parent=45"}],"curies":[{"name":"wp","href":"https:\/\/api.w.org\/{rel}","templated":true}]}}